{"id":56,"date":"2024-01-19T14:27:40","date_gmt":"2024-01-19T14:27:40","guid":{"rendered":"https:\/\/arnilogistics.com\/?page_id=56"},"modified":"2024-01-19T14:52:49","modified_gmt":"2024-01-19T14:52:49","slug":"politica-de-cookies","status":"publish","type":"page","link":"http:\/\/arnilogistics.com\/index.php\/politica-de-cookies\/","title":{"rendered":"Pol\u00edtica de cookies"},"content":{"rendered":"\n<script id=\"Cookiebot\" src=\"https:\/\/consent.cookiebot.com\/uc.js\" data-cbid=\"585039e1-f311-4a20-bebe-dd380424eff0\" type=\"text\/javascript\" async><\/script>\n\n\n\n<p>Documento revisado el 20\/01\/2024\u00a0<\/p>\n\n\n\n<p><strong>\u00bfQu\u00e9 son las cookies?<\/strong><\/p>\n\n\n\n<p>Cookie es un fichero que se descarga en tu ordenador al acceder a determinadas p\u00e1ginas web. Las cookies permiten a una p\u00e1gina web, entre otras cosas, almacenar y recuperar informaci\u00f3n sobre los h\u00e1bitos de navegaci\u00f3n de un usuario o de su equipo y, dependiendo de la informaci\u00f3n que contengan y de la forma en que utilice su equipo, pueden utilizarse para reconocer al usuario.<\/p>\n\n\n\n<p>El navegador del usuario memoriza cookies en el disco duro solamente durante la sesi\u00f3n actual ocupando un espacio de memoria m\u00ednimo y no perjudicando al ordenador. Las cookies no contienen ninguna clase de informaci\u00f3n personal espec\u00edfica, y la mayor\u00eda de las mismas se borran del disco duro al finalizar la sesi\u00f3n de navegador (las denominadas cookies de sesi\u00f3n).<\/p>\n\n\n\n<p>La mayor\u00eda de los navegadores aceptan como est\u00e1ndar a las cookies y, con independencia de las mismas, permiten o impiden en los ajustes de seguridad las cookies temporales o memorizadas.<\/p>\n\n\n\n<p>Sin tu expreso consentimiento \u2013mediante la activaci\u00f3n de las cookies en tu navegador\u2013 <strong>ARNI LOGISTICS S.L.<\/strong> no enlazar\u00e1 en las cookies los datos memorizados con tus datos personales proporcionados en el momento del registro o la compra.<\/p>\n\n\n\n<p><strong>\u00bfQu\u00e9 tipos de cookies utiliza esta p\u00e1gina web?<\/strong><\/p>\n\n\n\n<p>&#8211; Cookies t\u00e9cnicas: Son aqu\u00e9llas que permiten al usuario la navegaci\u00f3n a trav\u00e9s de una p\u00e1gina web, plataforma o aplicaci\u00f3n y la utilizaci\u00f3n de las diferentes opciones o servicios que en ella existan como, por ejemplo, controlar el tr\u00e1fico y la comunicaci\u00f3n de datos, identificar la sesi\u00f3n, acceder a partes de acceso restringido, recordar los elementos que integran un pedido, realizar el proceso de compra de un pedido, realizar la solicitud de inscripci\u00f3n o participaci\u00f3n en un evento, utilizar elementos de seguridad durante la navegaci\u00f3n, almacenar contenidos para la difusi\u00f3n de videos o sonido o compartir contenidos a trav\u00e9s de redes sociales.<\/p>\n\n\n\n<p>&#8211; Cookies de personalizaci\u00f3n: Son aqu\u00e9llas que permiten al usuario acceder al servicio con algunas caracter\u00edsticas de car\u00e1cter general predefinidas en funci\u00f3n de una serie de criterios en el terminal del usuario como por ejemplo serian el idioma, el tipo de navegador a trav\u00e9s del cual accede al servicio, la configuraci\u00f3n regional desde donde accede al servicio, etc.<\/p>\n\n\n\n<p>&#8211; Cookies de an\u00e1lisis: Son aqu\u00e9llas que bien tratadas por nosotros o por terceros, nos permiten cuantificar el n\u00famero de usuarios y as\u00ed realizar la medici\u00f3n y an\u00e1lisis estad\u00edstico de la utilizaci\u00f3n que hacen los usuarios del servicio ofertado. Para ello se analiza tu navegaci\u00f3n en nuestra p\u00e1gina web con el fin de mejorar la oferta de productos o servicios que te ofrecemos.<\/p>\n\n\n\n<p>&#8211; Cookies publicitarias: Son aqu\u00e9llas que, bien tratadas por nosotros o por terceros, nos permiten gestionar de la forma m\u00e1s eficaz posible la oferta de los espacios publicitarios que hay en la p\u00e1gina web, adecuando el contenido del anuncio al contenido del servicio solicitado o al uso que realice de nuestra p\u00e1gina web. Para ello podemos analizar tus h\u00e1bitos de navegaci\u00f3n en Internet y podemos mostrarle publicidad relacionada con tu perfil de navegaci\u00f3n.<\/p>\n\n\n\n<p>&#8211; Cookies de publicidad comportamental: Son aqu\u00e9llas que permiten la gesti\u00f3n, de la forma m\u00e1s eficaz posible, de los espacios publicitarios que, en su caso, el editor haya incluido en una p\u00e1gina web, aplicaci\u00f3n o plataforma desde la que presta el servicio solicitado. Estas cookies almacenan informaci\u00f3n del comportamiento de los usuarios obtenida a trav\u00e9s de la observaci\u00f3n continuada de sus h\u00e1bitos de navegaci\u00f3n, lo que permite desarrollar un perfil espec\u00edfico para mostrar publicidad en funci\u00f3n del mismo.<\/p>\n\n\n\n<p>Cookies de terceros: El Sitio Web puede utilizar servicios de terceros que recopilaran informaci\u00f3n con fines estad\u00edsticos, de uso del Site por parte del usuario y para la prestaci\u00f3n de otros servicios relacionados con la actividad del Website y otros servicios de Internet.<\/p>\n\n\n\n<p>En particular, este sitio Web utiliza:<\/p>\n\n\n\n<p>\u25cf <strong>Google Analytics,<\/strong> un servicio anal\u00edtico de web prestado por Google, Inc. con domicilio en los Estados Unidos con sede central en 1600 Amphitheatre Parkway, Mountain View, California 94043. Para la prestaci\u00f3n de estos servicios, estos utilizan cookies que recopilan la informaci\u00f3n, incluida la direcci\u00f3n IP del usuario, que ser\u00e1 transmitida, tratada y almacenada por Google en los t\u00e9rminos fijados en la Web Google.com. Incluyendo la posible transmisi\u00f3n de dicha informaci\u00f3n a terceros por razones de exigencia legal o cuando dichos terceros procesen la informaci\u00f3n por cuenta de Google.<\/p>\n\n\n\n<figure class=\"wp-block-table\"><table><tbody><tr><td><strong>NOMBRE<\/strong><\/td><td><strong>DURACI\u00d3N DETERMINADA<\/strong><\/td><td><strong>FINALIDAD Y DOMINIO<\/strong><\/td><\/tr><tr><td>_ga<\/td><td>08\/05\/2021<\/td><td>Google Analytics.Se usa para distinguir a los usuarios. arnilogistics.com<\/td><\/tr><tr><td><br>SL_C_<\/td><td>07\/06\/2020<\/td><td>SmartlookSe usa para identificar a los usuarios y el uso de la web.<br>arnilogistics.com<\/td><\/tr><tr><td><br>_cfduid<\/td><td>&nbsp; 28\/04\/2020<\/td><td>CloudflareSe usa para identificar tr\u00e1fico web de confianza.<br>arnilogistics.com<\/td><\/tr><tr><td><br>_fbp<\/td><td>&nbsp; 07\/08\/2019<\/td><td>FacebookSe usa para distinguir usuarios<br>arnilogistics.com<\/td><\/tr><tr><td><br>_gcl_au<\/td><td>&nbsp; 29\/07\/2019<\/td><td>Google AdSenseSe usa para distinguir usuarios<br>arnilogistics.com<\/td><\/tr><tr><td><br>_gid<\/td><td>&nbsp; 10\/05\/2019<\/td><td>Google AnalyticsSe usa para distinguir a los usuarios.<br>arnilogistics.com<\/td><\/tr><tr><td>cookie_notice_accepted<\/td><td>02\/08\/2019<\/td><td><br>Ayuda a hacer que un sitio web cumpla con la Directiva sobre cookies de la UE<br>arnilogistics.com<\/td><\/tr><tr><td>et-pb-recent-items-colors<\/td><td>03\/09\/3018<\/td><td>arnilogistics.com<\/td><\/tr><tr><td>sg_cookies<\/td><td>07\/08\/2019<\/td><td>Ayuda a hacer que un sitio web cumpla con la Directiva sobre cookies de la UE<br>arnilogistics.com<\/td><\/tr><tr><td>wordpress_test_cookie<\/td><td>N\/A<\/td><td>Utilizada por WordPress para comprobar si el navegador permite cookies.&nbsp;<br>arnilogistics.com<\/td><\/tr><\/tbody><\/table><\/figure>\n\n\n\n<script id=\"CookieDeclaration\" src=\"https:\/\/consent.cookiebot.com\/585039e1-f311-4a20-bebe-dd380424eff0\/cd.js\" type=\"text\/javascript\" async><\/script>\n\n\n\n<p><strong>Desactivar las cookies<\/strong><\/p>\n\n\n\n<p>Puedes permitir, bloquear o eliminar las cookies instaladas en tu equipo mediante la configuraci\u00f3n de las opciones del navegador instalado en tu ordenador.<\/p>\n\n\n\n<p>A continuaci\u00f3n puedes acceder a la configuraci\u00f3n de los navegadores webs m\u00e1s frecuentes para aceptar, instalar o desactivar las cookies:<\/p>\n\n\n\n<p>\u25cf <a href=\"https:\/\/support.google.com\/chrome\/answer\/95647?hl=es&amp;co=GENIE.Platform=Desktop\">Chrome <\/a><\/p>\n\n\n\n<p>\u25cf <a href=\"https:\/\/support.microsoft.com\/es-es\/help\/17442\/windows-internet-explorer-delete-manage-cookies\">Explorer <\/a><\/p>\n\n\n\n<p>\u25cf <a href=\"https:\/\/support.mozilla.org\/es\/kb\/habilitar-y-deshabilitar-cookies-sitios-web-rastrear-preferencias\">Firefox <\/a><\/p>\n\n\n\n<p>\u25cf <a href=\"https:\/\/support.apple.com\/es-es\/guide\/safari\/sfri11471\/mac\">Safari <\/a><\/p>\n\n\n\n<p>Al desactivar a eliminar las cookies, parte del Sitio Web no funcionar\u00e1 o la calidad de la p\u00e1gina web puede verse afectada.<\/p>\n\n\n\n<p>Si tienes dudas sobre esta pol\u00edtica de cookies, puede contactar con ARNI LOGISTICS S.L. , admin@arnilogistics.com <\/p>\n","protected":false},"excerpt":{"rendered":"<p>Documento revisado el 20\/01\/2024\u00a0 \u00bfQu\u00e9 son las cookies? Cookie es un fichero que se descarga en tu ordenador al acceder a determinadas p\u00e1ginas web. Las cookies permiten a una p\u00e1gina web, entre otras cosas, almacenar y recuperar informaci\u00f3n sobre los h\u00e1bitos de navegaci\u00f3n de un usuario o de su equipo y, dependiendo de la informaci\u00f3n [&hellip;]<\/p>\n","protected":false},"author":1,"featured_media":0,"parent":0,"menu_order":0,"comment_status":"closed","ping_status":"closed","template":"","meta":{"footnotes":""},"class_list":["post-56","page","type-page","status-publish","hentry"],"_links":{"self":[{"href":"http:\/\/arnilogistics.com\/index.php\/wp-json\/wp\/v2\/pages\/56","targetHints":{"allow":["GET"]}}],"collection":[{"href":"http:\/\/arnilogistics.com\/index.php\/wp-json\/wp\/v2\/pages"}],"about":[{"href":"http:\/\/arnilogistics.com\/index.php\/wp-json\/wp\/v2\/types\/page"}],"author":[{"embeddable":true,"href":"http:\/\/arnilogistics.com\/index.php\/wp-json\/wp\/v2\/users\/1"}],"replies":[{"embeddable":true,"href":"http:\/\/arnilogistics.com\/index.php\/wp-json\/wp\/v2\/comments?post=56"}],"version-history":[{"count":3,"href":"http:\/\/arnilogistics.com\/index.php\/wp-json\/wp\/v2\/pages\/56\/revisions"}],"predecessor-version":[{"id":64,"href":"http:\/\/arnilogistics.com\/index.php\/wp-json\/wp\/v2\/pages\/56\/revisions\/64"}],"wp:attachment":[{"href":"http:\/\/arnilogistics.com\/index.php\/wp-json\/wp\/v2\/media?parent=56"}],"curies":[{"name":"wp","href":"https:\/\/api.w.org\/{rel}","templated":true}]}}