{"id":54,"date":"2024-01-19T14:27:05","date_gmt":"2024-01-19T14:27:05","guid":{"rendered":"https:\/\/arnilogistics.com\/?page_id=54"},"modified":"2024-01-19T14:55:26","modified_gmt":"2024-01-19T14:55:26","slug":"politica-de-privacidad","status":"publish","type":"page","link":"http:\/\/arnilogistics.com\/index.php\/politica-de-privacidad\/","title":{"rendered":"Pol\u00edtica de privacidad"},"content":{"rendered":"\n<p><strong>POL\u00cdTICA DE PRIVACIDAD<\/strong><\/p>\n\n\n\n<p>Documento revisado el 20 de enero de 2024<\/p>\n\n\n\n<p>Esta web cumple el Reglamento (UE) 2016\/679 del Parlamento Europeo y del Consejo, de 27 de abril de 2016, relativo a la protecci\u00f3n de las personas f\u00edsicas en lo que respecta al tratamiento de datos personales y a la libre circulaci\u00f3n de estos datos y por el que se deroga la Directiva 95\/46\/CE (En adelante, RGPD).<\/p>\n\n\n\n<p><strong>Responsable de la web<\/strong><\/p>\n\n\n\n<p>En cumplimiento de la Ley 34\/2002, de 11 de julio, de Servicios de la Sociedad de la Informaci\u00f3n y del Comercio Electr\u00f3nico, se indican los datos de informaci\u00f3n general del Sitio Web <strong>arnilogistics.com <\/strong>:<\/p>\n\n\n\n<ul class=\"wp-block-list\">\n<li>Denominaci\u00f3n social: ARNI LOGISTICS S.L.<\/li>\n\n\n\n<li>NIF\/CIF: <strong>B13884713<\/strong><\/li>\n\n\n\n<li>Domicilio social: <strong>C\/GRABADOR JORDAN 10, 03830 MURO DE ALCOY (ALICANTE<\/strong><\/li>\n\n\n\n<li>Actividad social: <strong>TRANSPORTE TERRESTRE DE MERCANC\u00cdAS<\/strong><\/li>\n<\/ul>\n\n\n\n<p><strong>C\u00f3mo se obtienen los datos<\/strong><\/p>\n\n\n\n<p>Los\/las Usuarios\/as, mediante la marcaci\u00f3n de la casilla, aceptan expresamente y de forma libre e inequ\u00edvoca que sus datos personales sean tratados por parte del Prestador para realizar las siguientes finalidades:<\/p>\n\n\n\n<ul class=\"wp-block-list\">\n<li>Remitir el bolet\u00edn de noticias de la p\u00e1gina web.<\/li>\n\n\n\n<li>Tramitar encargos, solicitudes o cualquier tipo de petici\u00f3n que sea realizada por el usuario a trav\u00e9s de cualquiera de las formas de contacto que se ponen a su disposici\u00f3n en el Sitio Web.<\/li>\n\n\n\n<li>Remisi\u00f3n de comunicaciones comerciales publicitarias por email relacionadas sobre productos o servicios ofrecidos por el Prestador, as\u00ed como por parte de los colaboradores o partners con los que \u00e9ste hubiera alcanzado alg\u00fan acuerdo de promoci\u00f3n comercial entre sus clientes. En este caso, los terceros nunca tendr\u00e1n acceso a los datos personales. En todo caso las comunicaciones comerciales ser\u00e1n realizadas por parte del Prestador y ser\u00e1n productos y servicios relacionados con el sector del Prestador.<\/li>\n\n\n\n<li>Realizar estudios estad\u00edsticos.<\/li>\n<\/ul>\n\n\n\n<p>Los datos que se solicitan a trav\u00e9s del Sitio Web son obligatorios, ya que son necesarios para la prestaci\u00f3n de un servicio \u00f3ptimo al usuario. En caso de que no sean facilitados todos los datos, el prestador no garantiza que la informaci\u00f3n y servicios facilitados sean completamente ajustados a sus necesidades.<\/p>\n\n\n\n<p>La base legal para el tratamiento de sus datos es: el consentimiento.<\/p>\n\n\n\n<p>El usuario es el \u00fanico responsable de la veracidad y correcci\u00f3n de los datos que remita a al prestador, exonerando a \u00e9ste de cualquier responsabilidad al respecto. Los usuarios garantizan y responden, en cualquier caso, de la exactitud, vigencia y autenticidad de los datos personales facilitados, y se comprometen a mantenerlos debidamente actualizados. El usuario acepta proporcionar informaci\u00f3n completa y correcta en el formulario de contacto o suscripci\u00f3n.<\/p>\n\n\n\n<h2 class=\"wp-block-heading\">El usuario podr\u00e1 dirigir sus comunicaciones y ejercitar los derechos de acceso, rectificaci\u00f3n, cancelaci\u00f3n y oposici\u00f3n a trav\u00e9s de correo postal en <strong>C\/GRABADOR JORDAN 10, 03830 MURO DE ALCOY (ALICANTE)<\/strong> , o al correo electr\u00f3nico: admin@arnilogistics.con \u00a0junto con prueba v\u00e1lida en derecho, como fotocopia del D.N.I. o equivalente, indicando en el asunto \u201cProtecci\u00f3n de Datos\u201d.<\/h2>\n\n\n\n<p>Del mismo modo, el usuario podr\u00e1 darse de baja de cualquiera de los servicios de suscripci\u00f3n facilitados&nbsp; haciendo clic en el apartado de darse de baja de todos los correos electr\u00f3nicos remitidos por parte del prestador. Si recibe los citados correos electr\u00f3nicos es que ha dado su autorizaci\u00f3n previa, ya que el prestador no realiza pr\u00e1cticas de SPAM.<\/p>\n\n\n\n<p>El prestador ha adoptado todas las medidas t\u00e9cnicas y de organizaci\u00f3n necesarias para garantizar la seguridad e integridad de los datos de car\u00e1cter personal que trate, as\u00ed como para evitar su p\u00e9rdida, alteraci\u00f3n y\/o acceso por parte de terceros no autorizados.<\/p>\n\n\n\n<p><strong>Encargados de tratamiento<\/strong><\/p>\n\n\n\n<p>Para prestar servicios estrictamente necesarios para el desarrollo de la actividad, se comparten datos con los siguientes prestadores bajo sus correspondientes condiciones de privacidad:<\/p>\n\n\n\n<p><strong>Hosting: <\/strong>Siteground Espa\u00f1a S.L. Utilizamos protocolos SSL para que tus datos permanezcan a salvo. Est\u00e1n ubicados en C \/ Prim 19 , 28004 Madrid, Espa\u00f1a, y puedes consultar aqu\u00ed su <a href=\"https:\/\/www.siteground.es\/privacidad.htm\">pol\u00edtica de privacidad.<\/a><\/p>\n\n\n\n<p><strong>Aceptaci\u00f3n y consentimiento<\/strong><\/p>\n\n\n\n<p>El Usuario declara haber sido informado de las condiciones sobre protecci\u00f3n de datos de car\u00e1cter personal, aceptando y consintiendo el tratamiento de los mismos por parte de <strong>ARNI LOGISTICS S.L.<\/strong> en la forma y para las finalidades indicadas en esta pol\u00edtica de privacidad.<\/p>\n\n\n\n<p><strong>Modificaci\u00f3n en la pol\u00edtica de privacidad<\/strong><\/p>\n\n\n\n<p>El Prestador se reserva el derecho a modificar la presente pol\u00edtica para adaptarla a novedades legislativas o jurisprudenciales as\u00ed como a pr\u00e1cticas de la industria. En dichos supuestos, el Prestador anunciar\u00e1 en esta p\u00e1gina los cambios introducidos con razonable antelaci\u00f3n a su puesta en pr\u00e1ctica.<\/p>\n","protected":false},"excerpt":{"rendered":"<p>POL\u00cdTICA DE PRIVACIDAD Documento revisado el 20 de enero de 2024 Esta web cumple el Reglamento (UE) 2016\/679 del Parlamento Europeo y del Consejo, de 27 de abril de 2016, relativo a la protecci\u00f3n de las personas f\u00edsicas en lo que respecta al tratamiento de datos personales y a la libre circulaci\u00f3n de estos datos [&hellip;]<\/p>\n","protected":false},"author":1,"featured_media":0,"parent":0,"menu_order":0,"comment_status":"closed","ping_status":"closed","template":"","meta":{"footnotes":""},"class_list":["post-54","page","type-page","status-publish","hentry"],"_links":{"self":[{"href":"http:\/\/arnilogistics.com\/index.php\/wp-json\/wp\/v2\/pages\/54","targetHints":{"allow":["GET"]}}],"collection":[{"href":"http:\/\/arnilogistics.com\/index.php\/wp-json\/wp\/v2\/pages"}],"about":[{"href":"http:\/\/arnilogistics.com\/index.php\/wp-json\/wp\/v2\/types\/page"}],"author":[{"embeddable":true,"href":"http:\/\/arnilogistics.com\/index.php\/wp-json\/wp\/v2\/users\/1"}],"replies":[{"embeddable":true,"href":"http:\/\/arnilogistics.com\/index.php\/wp-json\/wp\/v2\/comments?post=54"}],"version-history":[{"count":2,"href":"http:\/\/arnilogistics.com\/index.php\/wp-json\/wp\/v2\/pages\/54\/revisions"}],"predecessor-version":[{"id":66,"href":"http:\/\/arnilogistics.com\/index.php\/wp-json\/wp\/v2\/pages\/54\/revisions\/66"}],"wp:attachment":[{"href":"http:\/\/arnilogistics.com\/index.php\/wp-json\/wp\/v2\/media?parent=54"}],"curies":[{"name":"wp","href":"https:\/\/api.w.org\/{rel}","templated":true}]}}